{"id":3,"date":"2020-07-01T07:53:03","date_gmt":"2020-07-01T07:53:03","guid":{"rendered":"https:\/\/staging.diakonie-toesstal.ch\/?page_id=3"},"modified":"2025-01-22T19:26:24","modified_gmt":"2025-01-22T19:26:24","slug":"privacy-policy","status":"publish","type":"page","link":"https:\/\/diakonie-toesstal.ch\/?page_id=3","title":{"rendered":"Datenschutzerkl\u00e4rung"},"content":{"rendered":"\n<h4 class=\"wp-block-heading\"><strong>Worum geht es?<\/strong><\/h4>\n\n\n\n<p>Wir beschaffen in unserer Organisation diverse Personendaten. <br>Hier informieren wir Sie wie im Datenschutzgesetz vorgeschrieben.<\/p>\n\n\n\n<h4 class=\"wp-block-heading\"><strong>Wer sind wir? (Verantwortlichkeiten)<\/strong><\/h4>\n\n\n\n<p>Diakonie T\u00f6sstal &#8211; ein Arbeitszweig der<br>Viva Kirche Wila, David Bach, Pastor<br>Sonnenbergstrasse 13, 8488 Turbenthal<br><a href=\"mailto:info@vivakirche-wila.ch\" data-type=\"mailto\" data-id=\"mailto:info@diakonie-toesstal.ch\">info(at)vivakirche-wila.ch<\/a><\/p>\n\n\n\n<p><\/p>\n\n\n\n<p>Die Diakonie T\u00f6sstal  (im Folgenden: \u00abWir\u00bb) ist als Betreiberen der Website<a href=\"https:\/\/www.diakonie-toesstal.ch\/\" data-type=\"link\" data-id=\"https:\/\/www.diakonie-toesstal.ch\/\" target=\"_blank\" rel=\"noreferrer noopener\">&nbsp;diakonie-toesstal.ch&nbsp;<\/a>verantwortlich f\u00fcr die Personendaten der Nutzer (Im Folgenden: \u00abSie\u00bb) der Website im Sinne des DSG.<\/p>\n\n\n\n<h4 class=\"wp-block-heading\"><strong>Welche Personendaten beschaffen wir?<\/strong><\/h4>\n\n\n\n<p>Neben den Angaben, die Sie selbst uns mitteilen (durch das, was Sie uns sagen, geben und was Sie bei uns tun), bearbeiten wir keine weiteren Daten \u00fcber Sie.<\/p>\n\n\n\n<h4 class=\"wp-block-heading\"><strong>Wozu beschaffen wir Personendaten?<\/strong><\/h4>\n\n\n\n<p>Wir tun das f\u00fcr folgende Zwecke (nebst denen, die wir Ihnen separat mitteilen):<\/p>\n\n\n\n<ul class=\"wp-block-list\">\n<li>Kommunikation mit Ihnen<\/li>\n\n\n\n<li>Verdankungen f\u00fcr Ihre Arbeit \/ Mithilfe<\/li>\n\n\n\n<li>Vertragsabschluss\/-abwicklung mit Ihnen<\/li>\n\n\n\n<li>Betrieb der Infrastruktur, Website<\/li>\n\n\n\n<li>Schulung, Weiterbildung<\/li>\n\n\n\n<li>Einhaltung gesetzlicher Pflichten<\/li>\n\n\n\n<li>Dienstleister (z.B. IT- und Cloud-Provider)<\/li>\n<\/ul>\n\n\n\n<h4 class=\"wp-block-heading\"><strong>Wem geben wir Personendaten bekannt?<\/strong><\/h4>\n\n\n\n<ul class=\"wp-block-list\">\n<li>Gesch\u00e4ftspartnern (Werke, Kirchen und weitere Personen im In-\/Ausland, mit denen wir zusammenarbeiten)<\/li>\n\n\n\n<li>Beh\u00f6rden (wo wir dazu verpflichtet sind)<\/li>\n\n\n\n<li>Dritte, die via Website Daten \u00fcber Sie erheben, respektive diese einsehen k\u00f6nnen. Dazu geh\u00f6ren hosttech GmbH (Webhosting, Serverstandort Schweiz), Google Maps und Inhalte von Drittanbietern&nbsp;<\/li>\n<\/ul>\n\n\n\n<h4 class=\"wp-block-heading\"><strong>Ihre Rechte<\/strong><\/h4>\n\n\n\n<p>Sie haben grunds\u00e4tzlich das Recht, Auskunft \u00fcber Ihre von uns verarbeiteten Personendaten zu verlangen. Insbesondere k\u00f6nnen Sie<\/p>\n\n\n\n<ul class=\"wp-block-list\">\n<li>Auskunft \u00fcber die Personendaten als solche,<\/li>\n\n\n\n<li>den Bearbeitungszweck,<\/li>\n\n\n\n<li>die Aufbewahrungsdauer oder, falls dies nicht m\u00f6glich ist, die Kriterien zur Festlegung dieser Dauer,<\/li>\n\n\n\n<li>die Herkunft Ihrer Daten, sofern diese nicht bei Ihnen erhoben wurden,<\/li>\n\n\n\n<li>gegebenenfalls \u00fcber die Empf\u00e4nger oder die Kategorien von Empf\u00e4ngern, denen ihre Personendaten bekanntgegeben werden,<\/li>\n<\/ul>\n\n\n\n<p>verlangen.<\/p>\n\n\n\n<p>Weiter haben Sie grunds\u00e4tzlich das Recht,<\/p>\n\n\n\n<ul class=\"wp-block-list\">\n<li>eine allenfalls erteilte Einwilligung zur Nutzung Ihrer Personendaten zu widerrufen<\/li>\n\n\n\n<li>Ihre von uns gespeicherten Personendaten korrigieren zu lassen<\/li>\n\n\n\n<li>Ihre von uns gespeicherten Personendaten l\u00f6schen zu lassen oder sonst unserer Bearbeitung zu widersprechen<\/li>\n<\/ul>\n\n\n\n<p>Diese Rechte k\u00f6nnen bzw. m\u00fcssen wir je nach den Umst\u00e4nden so wie gesetzlich vorgesehen einschr\u00e4nken, z.B. zum Schutz Dritter oder wo wir zu Aufbewahrung gesetzlich verpflichtet sind (bei Daten zu Spender\/innen betr\u00e4gt die Aufbewahrungsfrist in der Regel 10 Jahre).<br>Sie k\u00f6nnen Ihre genannten Rechte bei uns geltend machen \u00fcber die Kontaktdaten dieser Website.<\/p>\n","protected":false},"excerpt":{"rendered":"<p>Worum geht es? Wir beschaffen in unserer Organisation diverse Personendaten. Hier informieren wir Sie wie im Datenschutzgesetz vorgeschrieben. Wer sind wir? (Verantwortlichkeiten) Diakonie T\u00f6sstal &#8211; ein Arbeitszweig derViva Kirche Wila, David Bach, PastorSonnenbergstrasse 13, 8488 Turbenthalinfo(at)vivakirche-wila.ch Die Diakonie T\u00f6sstal (im Folgenden: \u00abWir\u00bb) ist als Betreiberen der Website&nbsp;diakonie-toesstal.ch&nbsp;verantwortlich f\u00fcr die Personendaten der Nutzer (Im Folgenden: \u00abSie\u00bb) [&hellip;]<\/p>\n","protected":false},"author":1,"featured_media":0,"parent":0,"menu_order":0,"comment_status":"closed","ping_status":"closed","template":"","meta":{"footnotes":""},"class_list":["post-3","page","type-page","status-publish","hentry"],"_links":{"self":[{"href":"https:\/\/diakonie-toesstal.ch\/index.php?rest_route=\/wp\/v2\/pages\/3","targetHints":{"allow":["GET"]}}],"collection":[{"href":"https:\/\/diakonie-toesstal.ch\/index.php?rest_route=\/wp\/v2\/pages"}],"about":[{"href":"https:\/\/diakonie-toesstal.ch\/index.php?rest_route=\/wp\/v2\/types\/page"}],"author":[{"embeddable":true,"href":"https:\/\/diakonie-toesstal.ch\/index.php?rest_route=\/wp\/v2\/users\/1"}],"replies":[{"embeddable":true,"href":"https:\/\/diakonie-toesstal.ch\/index.php?rest_route=%2Fwp%2Fv2%2Fcomments&post=3"}],"version-history":[{"count":4,"href":"https:\/\/diakonie-toesstal.ch\/index.php?rest_route=\/wp\/v2\/pages\/3\/revisions"}],"predecessor-version":[{"id":272,"href":"https:\/\/diakonie-toesstal.ch\/index.php?rest_route=\/wp\/v2\/pages\/3\/revisions\/272"}],"wp:attachment":[{"href":"https:\/\/diakonie-toesstal.ch\/index.php?rest_route=%2Fwp%2Fv2%2Fmedia&parent=3"}],"curies":[{"name":"wp","href":"https:\/\/api.w.org\/{rel}","templated":true}]}}